{"id":11,"date":"2024-06-27T14:33:44","date_gmt":"2024-06-27T12:33:44","guid":{"rendered":"https:\/\/www.lefouacierangevin.fr\/?page_id=11"},"modified":"2024-07-01T18:21:25","modified_gmt":"2024-07-01T16:21:25","slug":"mentions-legales","status":"publish","type":"page","link":"https:\/\/www.lefouacierangevin.fr\/index.php\/mentions-legales\/","title":{"rendered":"Mentions l\u00e9gales"},"content":{"rendered":"\n<h3 class=\"wp-block-heading\">Conditions G\u00e9n\u00e9rales d&#8217;Utilisation (CGU)<\/h3>\n\n\n\n<p><strong>Derni\u00e8re mise \u00e0 jour : 01\/07\/2024<\/strong><\/p>\n\n\n\n<p>Bienvenue sur le site <a href=\"http:\/\/www.lefouacierangevin.fr\">www.lefouacierangevin.fr<\/a>. En acc\u00e9dant et en utilisant ce site, vous acceptez les pr\u00e9sentes conditions g\u00e9n\u00e9rales d&#8217;utilisation (ci-apr\u00e8s &#8220;CGU&#8221;). Si vous n&#8217;acceptez pas ces CGU, veuillez ne pas utiliser notre site.<\/p>\n\n\n\n<h4 class=\"wp-block-heading\">1. Pr\u00e9sentation du site<\/h4>\n\n\n\n<p>Le site <a href=\"http:\/\/www.lefouacierangevin.fr\">www.lefouacierangevin.fr<\/a> est \u00e9dit\u00e9 par Le Fouacier Angevin Entreprise Individuelle Cl\u00e9ment Vall\u00e9e, dont le si\u00e8ge social est situ\u00e9 \u00e0 5 bis rue du Lomont 25340 ANTEUIL FRANCE , immatricul\u00e9e sous le num\u00e9ro 98452692100023.<\/p>\n\n\n\n<h4 class=\"wp-block-heading\">2. Acc\u00e8s au site<\/h4>\n\n\n\n<p>L&#8217;acc\u00e8s au site est gratuit. Cependant, les frais d&#8217;acc\u00e8s et d&#8217;utilisation du r\u00e9seau de t\u00e9l\u00e9communication sont \u00e0 la charge de l&#8217;utilisateur, selon les modalit\u00e9s fix\u00e9es par ses fournisseurs d&#8217;acc\u00e8s et op\u00e9rateurs de t\u00e9l\u00e9communication.<\/p>\n\n\n\n<h4 class=\"wp-block-heading\">3. Services propos\u00e9s<\/h4>\n\n\n\n<p>Le site <a href=\"http:\/\/www.lefouacierangevin.fr\">www.lefouacierangevin.fr<\/a> propose les services suivants : Consultation des offres et services propos\u00e9s par l&#8217;entreprise Le Fouacier Angevin. (Restauration ambulante au four \u00e0 bois, <\/p>\n\n\n\n<p>Fabrication artisanale associ\u00e9e \u00e0 la vente de plats pour consommation imm\u00e9diate en magasins<br>s\u00e9dentaires ou sur \u00e9ventaires et march\u00e9s, 56.10C-Q)<\/p>\n\n\n\n<h4 class=\"wp-block-heading\">4. Propri\u00e9t\u00e9 intellectuelle<\/h4>\n\n\n\n<p>Tous les contenus pr\u00e9sents sur le site, y compris les textes, images, graphismes, logos, ic\u00f4nes, sons, logiciels, sont la propri\u00e9t\u00e9 de Le Fouacier Angevin ou de ses partenaires et sont prot\u00e9g\u00e9s par les lois fran\u00e7aises et internationales relatives \u00e0 la propri\u00e9t\u00e9 intellectuelle.<\/p>\n\n\n\n<h4 class=\"wp-block-heading\">5. Utilisation du site<\/h4>\n\n\n\n<p>L&#8217;utilisateur s&#8217;engage \u00e0 utiliser le site de mani\u00e8re conforme aux pr\u00e9sentes CGU et aux lois en vigueur. Il est interdit de :<\/p>\n\n\n\n<ul class=\"wp-block-list\">\n<li>Utiliser le site \u00e0 des fins ill\u00e9gales ou interdites par les pr\u00e9sentes CGU.<\/li>\n\n\n\n<li>Introduire des virus ou tout autre code malveillant.<\/li>\n\n\n\n<li>Tenter d&#8217;acc\u00e9der de mani\u00e8re non autoris\u00e9e \u00e0 nos syst\u00e8mes informatiques.<\/li>\n<\/ul>\n\n\n\n<h4 class=\"wp-block-heading\">6. Protection des donn\u00e9es personnelles<\/h4>\n\n\n\n<p>Nous nous engageons \u00e0 prot\u00e9ger vos donn\u00e9es personnelles conform\u00e9ment \u00e0 la Politique de Confidentialit\u00e9 en Vigueur. En utilisant notre site, vous consentez \u00e0 la collecte et \u00e0 l&#8217;utilisation de vos donn\u00e9es personnelles comme d\u00e9crit dans cette politique.<\/p>\n\n\n\n<h4 class=\"wp-block-heading\">7. Responsabilit\u00e9<\/h4>\n\n\n\n<p>Nous nous effor\u00e7ons de maintenir le site accessible et \u00e0 jour, mais nous ne garantissons pas l&#8217;exactitude, l&#8217;exhaustivit\u00e9 ou l&#8217;actualit\u00e9 des informations fournies. Nous ne pouvons \u00eatre tenus responsables des dommages directs ou indirects r\u00e9sultant de l&#8217;utilisation du site.<\/p>\n\n\n\n<h4 class=\"wp-block-heading\">8. Liens hypertextes<\/h4>\n\n\n\n<p>Le site peut contenir des liens hypertextes vers d&#8217;autres sites. Nous n&#8217;exer\u00e7ons aucun contr\u00f4le sur ces sites et d\u00e9clinons toute responsabilit\u00e9 quant \u00e0 leur contenu.<\/p>\n\n\n\n<h4 class=\"wp-block-heading\">9. Modification des CGU<\/h4>\n\n\n\n<p>Nous nous r\u00e9servons le droit de modifier les pr\u00e9sentes CGU \u00e0 tout moment. Les modifications prendront effet d\u00e8s leur publication sur le site. Il est de votre responsabilit\u00e9 de consulter r\u00e9guli\u00e8rement les CGU.<\/p>\n\n\n\n<h4 class=\"wp-block-heading\">10. Droit applicable et juridiction<\/h4>\n\n\n\n<p>Les pr\u00e9sentes CGU sont soumises au droit fran\u00e7ais. En cas de litige, les tribunaux de Besan\u00e7on seront seuls comp\u00e9tents.<\/p>\n\n\n\n<h4 class=\"wp-block-heading\">11. Contact<\/h4>\n\n\n\n<p>Pour toute question relative aux pr\u00e9sentes CGU, vous pouvez nous contacter \u00e0 l&#8217;adresse suivante : lefouacierangevin@gmail.com.<\/p>\n","protected":false},"excerpt":{"rendered":"<p>Conditions G\u00e9n\u00e9rales d&#8217;Utilisation (CGU) Derni\u00e8re mise \u00e0 jour : 01\/07\/2024 Bienvenue sur le site www.lefouacierangevin.fr. En acc\u00e9dant et en utilisant ce site, vous acceptez les pr\u00e9sentes conditions g\u00e9n\u00e9rales d&#8217;utilisation (ci-apr\u00e8s &#8220;CGU&#8221;). Si vous n&#8217;acceptez pas ces CGU, veuillez ne pas utiliser notre site. 1. Pr\u00e9sentation du site Le site www.lefouacierangevin.fr est \u00e9dit\u00e9 par Le Fouacier [&hellip;]<\/p>\n","protected":false},"author":1,"featured_media":0,"parent":0,"menu_order":0,"comment_status":"closed","ping_status":"closed","template":"template-mentions-legales.php","meta":{"footnotes":""},"class_list":["post-11","page","type-page","status-publish","hentry"],"_links":{"self":[{"href":"https:\/\/www.lefouacierangevin.fr\/index.php\/wp-json\/wp\/v2\/pages\/11","targetHints":{"allow":["GET"]}}],"collection":[{"href":"https:\/\/www.lefouacierangevin.fr\/index.php\/wp-json\/wp\/v2\/pages"}],"about":[{"href":"https:\/\/www.lefouacierangevin.fr\/index.php\/wp-json\/wp\/v2\/types\/page"}],"author":[{"embeddable":true,"href":"https:\/\/www.lefouacierangevin.fr\/index.php\/wp-json\/wp\/v2\/users\/1"}],"replies":[{"embeddable":true,"href":"https:\/\/www.lefouacierangevin.fr\/index.php\/wp-json\/wp\/v2\/comments?post=11"}],"version-history":[{"count":3,"href":"https:\/\/www.lefouacierangevin.fr\/index.php\/wp-json\/wp\/v2\/pages\/11\/revisions"}],"predecessor-version":[{"id":167,"href":"https:\/\/www.lefouacierangevin.fr\/index.php\/wp-json\/wp\/v2\/pages\/11\/revisions\/167"}],"wp:attachment":[{"href":"https:\/\/www.lefouacierangevin.fr\/index.php\/wp-json\/wp\/v2\/media?parent=11"}],"curies":[{"name":"wp","href":"https:\/\/api.w.org\/{rel}","templated":true}]}}